{"id":18,"date":"2025-12-14T15:16:00","date_gmt":"2025-12-14T15:16:00","guid":{"rendered":"https:\/\/gdi-owl.net\/?page_id=18"},"modified":"2025-12-14T15:16:00","modified_gmt":"2025-12-14T15:16:00","slug":"impressum","status":"publish","type":"page","link":"https:\/\/gdi-owl.net\/?page_id=18","title":{"rendered":"Impressum"},"content":{"rendered":"\n<h1 class=\"wp-block-heading\"><\/h1>\n\n\n\n<p>Herausgeber: Der B\u00fcrgermeister der Stadt G\u00fctersloh<\/p>\n\n\n\n<p><strong>Kontakt:<\/strong><br>Stadt G\u00fctersloh<br>Berliner Stra\u00dfe 70<br>33330 G\u00fctersloh<br>T: +49 5241 82-1<br>F: +49 5241 82 2044<br><a href=\"https:\/\/www.guetersloh.de\/de\/impressum.php#wEmpty\">kontakt@guetersloh.de<br><\/a>Umsatzsteuer-Ident.Nr. DE 126 796 210<\/p>\n\n\n\n<p><strong>Redaktion<\/strong><br>Fachbereich Digitalisierung udn Geoinformation<br>Leitung: Thorsten Schmidthuis<br><a href=\"https:\/\/www.guetersloh.de\/de\/impressum.php#wEmpty\">digital@guetersloh.de<\/a><\/p>\n\n\n\n<p><strong>Urheberrecht<\/strong><br>Die Werke bzw. Inhalte dieser Seite sind lizenziert und Urheberrechtlich gesch\u00fctzt. Alle innerhalb des Internetangebots genannten und ggf. durch Dritte gesch\u00fctzten Marken- und Warenzeichen unterliegen uneingeschr\u00e4nkt den Bestimmungen des jeweils g\u00fcltigen Kennzeichenrechts und den Besitzrechten der jeweiligen eingetragenen Eigent\u00fcmer. Allein aufgrund der blo\u00dfen Nennung in unserem Internetangebot ist nicht der Schluss zu ziehen, dass Markenzeichen nicht durch Rechte Dritter gesch\u00fctzt sind.<\/p>\n\n\n\n<p><strong>Links auf fremde Inhalte\/ Fremdeintr\u00e4ge<\/strong><br>Von unseren eigenen Inhalten sind die Querverweise (sogenannte &#8220;Links&#8221;) auf die Webseiten anderer Anbieter zu unterscheiden. Durch die Links erm\u00f6glichen wir lediglich den Zugang zur Nutzung &#8220;fremder Inhalte&#8221;. Die Stadt G\u00fctersloh hat jedoch keinen Einfluss auf den Inhalt und die Gestaltung dieser externen Websites und macht sich die Inhalte dieser verlinkten Seiten nicht zu eigen. F\u00fcr deren Inhalte und Richtigkeit ist allein der jeweilige Anbieter verantwortlich.<br><br>Bei der erstmaligen Verkn\u00fcpfung mit diesen Internetangeboten haben wir diese fremden Inhalte auf Rechtsverletzungen \u00fcberpr\u00fcft. Zum Zeitpunkt der Verkn\u00fcpfung waren keine Rechtsverst\u00f6\u00dfe erkennbar. Sobald die Stadt G\u00fctersloh eine Rechtsverletzung feststellt oder von anderen darauf hingewiesen wird, wird sie die Verkn\u00fcpfung zu den jeweiligen Websites unverz\u00fcglich entfernen. Soweit wir Kenntnis von strafbaren oder rechtswidrigen Inhalten erlangen, werden diese Fremdeintr\u00e4ge umgehend von uns gel\u00f6scht.<\/p>\n\n\n\n<p><strong>Gender-Hinweis<\/strong><br>Auf den Internetseiten der Stadt G\u00fctersloh wird in der Regel auf eine neutrale Schreibweise geachtet. In Ausnahmef\u00e4llen kann diese Regel entfallen, wenn Sie beispielsweise die Lesbarkeit oder Nutzungsfreundlichkeit beeintr\u00e4chtigt. F\u00fcr den Fall, dass lediglich die m\u00e4nnliche Form genutzt wird, so schlie\u00dft diese die weibliche Form mit ein.<\/p>\n","protected":false},"excerpt":{"rendered":"<p>Herausgeber: Der B\u00fcrgermeister der Stadt G\u00fctersloh Kontakt:Stadt G\u00fcterslohBerliner Stra\u00dfe 7033330 G\u00fcterslohT: +49 5241 82-1F: +49 5241 82 2044kontakt@guetersloh.deUmsatzsteuer-Ident.Nr. DE 126 796 210 RedaktionFachbereich Digitalisierung udn GeoinformationLeitung: Thorsten Schmidthuisdigital@guetersloh.de UrheberrechtDie Werke bzw. Inhalte dieser Seite sind lizenziert und Urheberrechtlich gesch\u00fctzt. Alle innerhalb des Internetangebots genannten und ggf. durch Dritte gesch\u00fctzten Marken- und Warenzeichen unterliegen uneingeschr\u00e4nkt den [&hellip;]<\/p>\n","protected":false},"author":1,"featured_media":0,"parent":0,"menu_order":0,"comment_status":"closed","ping_status":"closed","template":"","meta":{"footnotes":""},"class_list":["post-18","page","type-page","status-publish","hentry"],"_links":{"self":[{"href":"https:\/\/gdi-owl.net\/index.php?rest_route=\/wp\/v2\/pages\/18","targetHints":{"allow":["GET"]}}],"collection":[{"href":"https:\/\/gdi-owl.net\/index.php?rest_route=\/wp\/v2\/pages"}],"about":[{"href":"https:\/\/gdi-owl.net\/index.php?rest_route=\/wp\/v2\/types\/page"}],"author":[{"embeddable":true,"href":"https:\/\/gdi-owl.net\/index.php?rest_route=\/wp\/v2\/users\/1"}],"replies":[{"embeddable":true,"href":"https:\/\/gdi-owl.net\/index.php?rest_route=%2Fwp%2Fv2%2Fcomments&post=18"}],"version-history":[{"count":1,"href":"https:\/\/gdi-owl.net\/index.php?rest_route=\/wp\/v2\/pages\/18\/revisions"}],"predecessor-version":[{"id":136,"href":"https:\/\/gdi-owl.net\/index.php?rest_route=\/wp\/v2\/pages\/18\/revisions\/136"}],"wp:attachment":[{"href":"https:\/\/gdi-owl.net\/index.php?rest_route=%2Fwp%2Fv2%2Fmedia&parent=18"}],"curies":[{"name":"wp","href":"https:\/\/api.w.org\/{rel}","templated":true}]}}